{"id":4226,"date":"2021-07-16T10:06:38","date_gmt":"2021-07-16T08:06:38","guid":{"rendered":"https:\/\/bvlisse.com\/woordpres\/?page_id=4226"},"modified":"2025-04-10T20:59:19","modified_gmt":"2025-04-10T18:59:19","slug":"huishoudelijk-reglement","status":"publish","type":"page","link":"https:\/\/bvlisse.com\/woordpres\/huishoudelijk-reglement\/","title":{"rendered":"Huishoudelijk reglement"},"content":{"rendered":"\n<h2>Lidmaatschap<\/h2>\n\n\n\n<p>Als je lid wilt worden van onze Vereniging kom dan eens langs op een van de speelmomenten. Je kunt dan drie keer gratis mee spelen\/trainen. Het enige wat je nodig hebt, is sportkleding, sportschoenen voor in de zaal en een racket. Heb je nog geen racket? Dan kun je er een van ons lenen.<\/p>\n\n\n\n<p>Ben je enthousiast geworden, dan kun je je aanmelden voor het lidmaatschap bij de Vereniging door het inschrijfformulier in te vullen. Het formulier is te downloaden op onze website <a href=\"https:\/\/bvlisse.com\/woordpres\/informatie\/\">www.bvlisse.com<\/a> of aan te vragen bij de ledenadministratie:<br>Badmintonvereniging Lisse<br>t.a.v. Lisanne Mesman \u2013 ledenadministratie<br>E-mail: <a href=\"mailto:leden@bvlisse.com\" target=\"_blank\" rel=\"noreferrer noopener\">leden@bvlisse.com<\/a><\/p>\n\n\n\n<p>Mocht je nog vragen hebben of willen weten wanneer je het beste kunt komen kijken of meespelen, stuur dan een e-mail naar <a href=\"mailto:voorzitter@bvlisse.com\" target=\"_blank\" rel=\"noreferrer noopener\">voorzitter@bvlisse.com<\/a>.<\/p>\n\n\n\n<h2>Aandachtspunten<\/h2>\n\n\n\n<p>Als je lid wordt van Badmintonvereniging Lisse, houd dan rekening met het volgende:<\/p>\n\n\n\n<ul><li>Het verenigingsjaar (seizoen) loopt van 1 augustus tot en met 31 juli van enig jaar;<\/li><li>Het lidmaatschap wordt aangegaan voor <strong>onbepaalde tijd<\/strong>;<\/li><li>Leden zijn contributie verschuldigd. <mark style=\"background-color:rgba(0, 0, 0, 0);color:#ff0000\" class=\"has-inline-color\">De betalingstermijn van de contributie is 30 dagen na factuurdatum<\/mark>. Bij het verstrijken van deze betalingstermijn wordt bovenop het contributiebedrag \u20ac 10,00 (incasso)kosten in rekening gebracht;<\/li><li>Leden verplichten zich voor het hele seizoen. Indien een lid voor een langere periode geen gebruik kan maken van de speelfaciliteiten binnen de Vereniging (door blessure of overmacht), kan men bij het Bestuur schriftelijk en met redenen omkleed een slapend lidmaatschap aanvragen. Men kan het slapend lidmaatschap alleen aanvragen als men langer dan twee maanden al geen gebruik heeft kunnen maken van de speelmogelijkheden. Met de aanvraag tot het slapend lidmaatschap heeft het lid de intentie om weer te gaan spelen. Zegt het lid alsnog het lidmaatschap op na een periode van slapend lidmaatschap, dan heeft het bestuur het recht om alsnog de contributie voor deze periode te innen. Zodra het lid weer gebruik kan maken (of maakt) van de speelmogelijkheden dient het lid dit aan te geven bij de ledenadministratie. Een slapend lid kan geen gebruik maken van de speelfaciliteiten of competitie spelen. Het Bestuur besluit in alle gevallen of een slapend lidmaatschap wordt verleend. Slapende leden betalen eenmalig \u20ac 5,00 administratiekosten, plus de voor het lid geldende NBB bondscontributie;<\/li><li>Leden dienen een pasfoto in te leveren bij de ledenadministratie ten behoeve van het pasje voor het afhangbord;<\/li><li>Leden dienen een verhuizing of wijziging van e-mailadres te melden bij ledenadministratie.<\/li><\/ul>\n\n\n\n<h2>Be\u00ebindiging lidmaatschap<\/h2>\n\n\n\n<p>Het lidmaatschap wordt aangegaan voor onbepaalde tijd. Voor het be\u00ebindigen van het lidmaatschap gelden de volgende spelregels:<\/p>\n\n\n\n<ul><li>Het lidmaatschap kan alleen schriftelijk of per e-mail worden opgezegd, drie maanden voor aanvang van het nieuwe seizoen (<strong><mark style=\"background-color:rgba(0, 0, 0, 0);color:#ff0000\" class=\"has-inline-color\">dus v\u00f3\u00f3r 1 mei<\/mark><\/strong>), bij de ledenadministratie. Opzeggen is mogelijk op een van onderstaande manieren:<ul><li>Badmintonvereniging Lisse<br>t.a.v. Lisanne Mesman \u2013 ledenadministratie<br>Darwinplantsoen 14<br>2163 JM Lisse<\/li><li>Opzeggen via <a href=\"https:\/\/bvlisse.com\/woordpres\/lidmaatschap-opzeggen\/\">het opzegformulier<\/a><\/li><li>E-mail: <a href=\"mailto:leden@bvlisse.com\" target=\"_blank\" rel=\"noreferrer noopener\">leden@bvlisse.com<\/a><\/li><li><strong><em>Opzeggen kan dus niet via WhatsApp!<\/em><\/strong><\/li><\/ul><\/li><li>Opzeggen kan gedurende het hele jaar, maar wordt pas effectief na afloop van het seizoen;<\/li><li><strong>Wanneer voor 1 mei van enig jaar niet wordt opgezegd, dan verbindt het lid zich automatisch voor het hele volgende seizoen<\/strong>;<\/li><li>Het Bestuur kan in uitzonderingsgevallen een schriftelijke opzegging na 1 mei honoreren. Het lid dient daartoe v\u00f3\u00f3r 1 augustus op te zeggen en dit verzoek tot be\u00ebindiging van het lidmaatschap met redenen te omkleden (m.n. waarom de deadline van 1 mei niet kon worden gehaald). Het Bestuur beoordeelt de opzegging en kan aan een positieve beslissing op het verzoek voorwaarden stellen. Naast de voorwaarden die het Bestuur kan stellen is de Vereniging helaas altijd genoodzaakt <strong>\u20ac 35,00 administratiekosten<\/strong> in rekening te brengen v\u00f3\u00f3r aanvang van het seizoen. Als je in het nieuwe seizoen opzegt, betaal je naast de administratiekosten \u00f3\u00f3k voor het aantal maanden dat je te laat bent met opzeggen.<\/li><\/ul>\n\n\n\n<p>Bijvoorbeeld:<\/p>\n\n\n\n<ul><li>Als je <em>tussen<\/em> 1 mei en 1 augustus opzegt, betaal je alleen \u20ac35,- administratiekosten<\/li><li>Als je in september zou opzeggen, betaal \u20ac35,- pl\u00fas de maand september.<\/li><\/ul>\n\n\n\n<h2>Toelichting<\/h2>\n\n\n\n<p>In de laatste drie maanden van het verenigingsjaar worden er financi\u00eble verplichtingen aangegaan voor het volgende seizoen; bijvoorbeeld de huur van de zaal, het inhuren van de trainers, bondscontributie, competitiebijdragen en het bestellen van shuttles. Dit alles is gebaseerd op het ledenaantal. Daarom is de Vereniging genoodzaakt bovenstaande regels te stellen en toe te zien op strikte naleving.<\/p>\n","protected":false},"excerpt":{"rendered":"<p>Lidmaatschap Als je lid wilt worden van onze Vereniging kom dan eens langs op een van de speelmomenten. Je kunt dan drie keer gratis mee spelen\/trainen. Het enige wat je nodig hebt, is sportkleding, sportschoenen voor in de zaal en een racket. Heb je nog geen racket? Dan kun je er een van ons lenen.&hellip;&nbsp;<a href=\"https:\/\/bvlisse.com\/woordpres\/huishoudelijk-reglement\/\" class=\"\" rel=\"bookmark\">Lees verder &raquo;<span class=\"screen-reader-text\">Huishoudelijk reglement<\/span><\/a><\/p>\n","protected":false},"author":2,"featured_media":0,"parent":0,"menu_order":0,"comment_status":"closed","ping_status":"closed","template":"","meta":{"neve_meta_sidebar":"","neve_meta_container":"","neve_meta_enable_content_width":"","neve_meta_content_width":0,"neve_meta_title_alignment":"","neve_meta_author_avatar":"","neve_post_elements_order":"","neve_meta_disable_header":"","neve_meta_disable_footer":"","neve_meta_disable_title":""},"yoast_head":"<!-- This site is optimized with the Yoast SEO plugin v19.13 - https:\/\/yoast.com\/wordpress\/plugins\/seo\/ -->\n<title>Huishoudelijk reglement<\/title>\n<meta name=\"description\" content=\"Het huishoudelijk reglement omvat informatie over de duur van een lidmaatschap en de opzeggingstermijn van het lidmaatschap.\" \/>\n<meta name=\"robots\" content=\"index, follow, max-snippet:-1, max-image-preview:large, max-video-preview:-1\" \/>\n<link rel=\"canonical\" href=\"https:\/\/bvlisse.com\/woordpres\/huishoudelijk-reglement\/\" \/>\n<meta property=\"og:locale\" content=\"nl_NL\" \/>\n<meta property=\"og:type\" content=\"article\" \/>\n<meta property=\"og:title\" content=\"Huishoudelijk reglement\" \/>\n<meta property=\"og:description\" content=\"Het huishoudelijk reglement omvat informatie over de duur van een lidmaatschap en de opzeggingstermijn van het lidmaatschap.\" \/>\n<meta property=\"og:url\" content=\"https:\/\/bvlisse.com\/woordpres\/huishoudelijk-reglement\/\" \/>\n<meta property=\"og:site_name\" content=\"Badmintonvereniging Lisse\" \/>\n<meta property=\"article:publisher\" content=\"http:\/\/www.facebook.com\/badmintonvereniginglisse\" \/>\n<meta property=\"article:modified_time\" content=\"2025-04-10T18:59:19+00:00\" \/>\n<meta name=\"twitter:card\" content=\"summary_large_image\" \/>\n<meta name=\"twitter:site\" content=\"@BVLisse1967\" \/>\n<meta name=\"twitter:label1\" content=\"Geschatte leestijd\" \/>\n\t<meta name=\"twitter:data1\" content=\"4 minuten\" \/>\n<script type=\"application\/ld+json\" class=\"yoast-schema-graph\">{\"@context\":\"https:\/\/schema.org\",\"@graph\":[{\"@type\":\"WebPage\",\"@id\":\"https:\/\/bvlisse.com\/woordpres\/huishoudelijk-reglement\/\",\"url\":\"https:\/\/bvlisse.com\/woordpres\/huishoudelijk-reglement\/\",\"name\":\"Huishoudelijk reglement\",\"isPartOf\":{\"@id\":\"https:\/\/bvlisse.com\/woordpres\/#website\"},\"datePublished\":\"2021-07-16T08:06:38+00:00\",\"dateModified\":\"2025-04-10T18:59:19+00:00\",\"description\":\"Het huishoudelijk reglement omvat informatie over de duur van een lidmaatschap en de opzeggingstermijn van het lidmaatschap.\",\"breadcrumb\":{\"@id\":\"https:\/\/bvlisse.com\/woordpres\/huishoudelijk-reglement\/#breadcrumb\"},\"inLanguage\":\"nl\",\"potentialAction\":[{\"@type\":\"ReadAction\",\"target\":[\"https:\/\/bvlisse.com\/woordpres\/huishoudelijk-reglement\/\"]}]},{\"@type\":\"BreadcrumbList\",\"@id\":\"https:\/\/bvlisse.com\/woordpres\/huishoudelijk-reglement\/#breadcrumb\",\"itemListElement\":[{\"@type\":\"ListItem\",\"position\":1,\"name\":\"Home\",\"item\":\"https:\/\/bvlisse.com\/woordpres\/\"},{\"@type\":\"ListItem\",\"position\":2,\"name\":\"Huishoudelijk reglement\"}]},{\"@type\":\"WebSite\",\"@id\":\"https:\/\/bvlisse.com\/woordpres\/#website\",\"url\":\"https:\/\/bvlisse.com\/woordpres\/\",\"name\":\"Badmintonvereniging Lisse\",\"description\":\"\",\"publisher\":{\"@id\":\"https:\/\/bvlisse.com\/woordpres\/#organization\"},\"potentialAction\":[{\"@type\":\"SearchAction\",\"target\":{\"@type\":\"EntryPoint\",\"urlTemplate\":\"https:\/\/bvlisse.com\/woordpres\/?s={search_term_string}\"},\"query-input\":\"required name=search_term_string\"}],\"inLanguage\":\"nl\"},{\"@type\":\"Organization\",\"@id\":\"https:\/\/bvlisse.com\/woordpres\/#organization\",\"name\":\"Badmintonvereniging Lisse\",\"url\":\"https:\/\/bvlisse.com\/woordpres\/\",\"logo\":{\"@type\":\"ImageObject\",\"inLanguage\":\"nl\",\"@id\":\"https:\/\/bvlisse.com\/woordpres\/#\/schema\/logo\/image\/\",\"url\":\"https:\/\/bvlisse.com\/woordpres\/wp-content\/uploads\/2018\/02\/Logo-BV-Lisse-rond.png\",\"contentUrl\":\"https:\/\/bvlisse.com\/woordpres\/wp-content\/uploads\/2018\/02\/Logo-BV-Lisse-rond.png\",\"width\":1000,\"height\":1000,\"caption\":\"Badmintonvereniging Lisse\"},\"image\":{\"@id\":\"https:\/\/bvlisse.com\/woordpres\/#\/schema\/logo\/image\/\"},\"sameAs\":[\"http:\/\/www.instagram.com\/bvlisse1967\",\"https:\/\/www.youtube.com\/channel\/UCtzY3SVQuCOZuO-LuvEd-Yw\",\"http:\/\/www.facebook.com\/badmintonvereniginglisse\",\"https:\/\/twitter.com\/BVLisse1967\"]}]}<\/script>\n<!-- \/ Yoast SEO plugin. -->","yoast_head_json":{"title":"Huishoudelijk reglement","description":"Het huishoudelijk reglement omvat informatie over de duur van een lidmaatschap en de opzeggingstermijn van het lidmaatschap.","robots":{"index":"index","follow":"follow","max-snippet":"max-snippet:-1","max-image-preview":"max-image-preview:large","max-video-preview":"max-video-preview:-1"},"canonical":"https:\/\/bvlisse.com\/woordpres\/huishoudelijk-reglement\/","og_locale":"nl_NL","og_type":"article","og_title":"Huishoudelijk reglement","og_description":"Het huishoudelijk reglement omvat informatie over de duur van een lidmaatschap en de opzeggingstermijn van het lidmaatschap.","og_url":"https:\/\/bvlisse.com\/woordpres\/huishoudelijk-reglement\/","og_site_name":"Badmintonvereniging Lisse","article_publisher":"http:\/\/www.facebook.com\/badmintonvereniginglisse","article_modified_time":"2025-04-10T18:59:19+00:00","twitter_card":"summary_large_image","twitter_site":"@BVLisse1967","twitter_misc":{"Geschatte leestijd":"4 minuten"},"schema":{"@context":"https:\/\/schema.org","@graph":[{"@type":"WebPage","@id":"https:\/\/bvlisse.com\/woordpres\/huishoudelijk-reglement\/","url":"https:\/\/bvlisse.com\/woordpres\/huishoudelijk-reglement\/","name":"Huishoudelijk reglement","isPartOf":{"@id":"https:\/\/bvlisse.com\/woordpres\/#website"},"datePublished":"2021-07-16T08:06:38+00:00","dateModified":"2025-04-10T18:59:19+00:00","description":"Het huishoudelijk reglement omvat informatie over de duur van een lidmaatschap en de opzeggingstermijn van het lidmaatschap.","breadcrumb":{"@id":"https:\/\/bvlisse.com\/woordpres\/huishoudelijk-reglement\/#breadcrumb"},"inLanguage":"nl","potentialAction":[{"@type":"ReadAction","target":["https:\/\/bvlisse.com\/woordpres\/huishoudelijk-reglement\/"]}]},{"@type":"BreadcrumbList","@id":"https:\/\/bvlisse.com\/woordpres\/huishoudelijk-reglement\/#breadcrumb","itemListElement":[{"@type":"ListItem","position":1,"name":"Home","item":"https:\/\/bvlisse.com\/woordpres\/"},{"@type":"ListItem","position":2,"name":"Huishoudelijk reglement"}]},{"@type":"WebSite","@id":"https:\/\/bvlisse.com\/woordpres\/#website","url":"https:\/\/bvlisse.com\/woordpres\/","name":"Badmintonvereniging Lisse","description":"","publisher":{"@id":"https:\/\/bvlisse.com\/woordpres\/#organization"},"potentialAction":[{"@type":"SearchAction","target":{"@type":"EntryPoint","urlTemplate":"https:\/\/bvlisse.com\/woordpres\/?s={search_term_string}"},"query-input":"required name=search_term_string"}],"inLanguage":"nl"},{"@type":"Organization","@id":"https:\/\/bvlisse.com\/woordpres\/#organization","name":"Badmintonvereniging Lisse","url":"https:\/\/bvlisse.com\/woordpres\/","logo":{"@type":"ImageObject","inLanguage":"nl","@id":"https:\/\/bvlisse.com\/woordpres\/#\/schema\/logo\/image\/","url":"https:\/\/bvlisse.com\/woordpres\/wp-content\/uploads\/2018\/02\/Logo-BV-Lisse-rond.png","contentUrl":"https:\/\/bvlisse.com\/woordpres\/wp-content\/uploads\/2018\/02\/Logo-BV-Lisse-rond.png","width":1000,"height":1000,"caption":"Badmintonvereniging Lisse"},"image":{"@id":"https:\/\/bvlisse.com\/woordpres\/#\/schema\/logo\/image\/"},"sameAs":["http:\/\/www.instagram.com\/bvlisse1967","https:\/\/www.youtube.com\/channel\/UCtzY3SVQuCOZuO-LuvEd-Yw","http:\/\/www.facebook.com\/badmintonvereniginglisse","https:\/\/twitter.com\/BVLisse1967"]}]}},"_links":{"self":[{"href":"https:\/\/bvlisse.com\/woordpres\/wp-json\/wp\/v2\/pages\/4226"}],"collection":[{"href":"https:\/\/bvlisse.com\/woordpres\/wp-json\/wp\/v2\/pages"}],"about":[{"href":"https:\/\/bvlisse.com\/woordpres\/wp-json\/wp\/v2\/types\/page"}],"author":[{"embeddable":true,"href":"https:\/\/bvlisse.com\/woordpres\/wp-json\/wp\/v2\/users\/2"}],"replies":[{"embeddable":true,"href":"https:\/\/bvlisse.com\/woordpres\/wp-json\/wp\/v2\/comments?post=4226"}],"version-history":[{"count":16,"href":"https:\/\/bvlisse.com\/woordpres\/wp-json\/wp\/v2\/pages\/4226\/revisions"}],"predecessor-version":[{"id":7254,"href":"https:\/\/bvlisse.com\/woordpres\/wp-json\/wp\/v2\/pages\/4226\/revisions\/7254"}],"wp:attachment":[{"href":"https:\/\/bvlisse.com\/woordpres\/wp-json\/wp\/v2\/media?parent=4226"}],"curies":[{"name":"wp","href":"https:\/\/api.w.org\/{rel}","templated":true}]}}